{"id":3726,"date":"2026-04-24T13:14:00","date_gmt":"2026-04-24T11:14:00","guid":{"rendered":"https:\/\/trullifioriti.it\/informativa-sulla-privacy\/"},"modified":"2026-04-28T22:36:11","modified_gmt":"2026-04-28T20:36:11","slug":"informativa-sulla-privacy","status":"publish","type":"page","link":"https:\/\/trullifioriti.it\/it\/informativa-sulla-privacy\/","title":{"rendered":"Informativa sulla Privacy"},"content":{"rendered":"\n<div class=\"wp-block-rank-math-toc-block\" id=\"rank-math-toc\"><nav><ul><li class=\"\"><a href=\"#who-we-are\">Titolare del Trattamento<\/a><\/li><li class=\"\"><a href=\"#what-data-we-collect-and-why\">Quali Dati Raccogliamo e Perch\u00e9 (Finalit\u00e0 del Trattamento)<\/a><\/li><li class=\"\"><a href=\"#video-surveillance-cctv\">Videosorveglianza (CCTV)<\/a><\/li><li class=\"\"><a href=\"#sharing-your-data\">Condivisione dei Dati<\/a><\/li><li class=\"\"><a href=\"#your-gdpr-rights\">I tuoi Diritti GDPR<\/a><\/li><\/ul><\/nav><\/div>\n\n<h2 class=\"wp-block-heading\" id=\"who-we-are\">Titolare del Trattamento<\/h2>\n\n<p>Il Titolare del Trattamento per le informazioni raccolte tramite questo sito web e durante il soggiorno \u00e8 CVM HoliWeb di Vito Cito (Contatti: cvmholiweb@gmail.com).<\/p>\n\n<h2 class=\"wp-block-heading\" id=\"what-data-we-collect-and-why\">Quali Dati Raccogliamo e Perch\u00e9 (Finalit\u00e0 del Trattamento)<\/h2>\n\n<ul class=\"wp-block-list\">\n<li>Dati di Prenotazione: Nomi, recapiti e date del soggiorno, raccolti tramite il nostro motore di prenotazione diretto (basato su MotoPress).<\/li>\n\n\n\n<li>Dati di Pagamento: Dati della carta di credito o coordinate bancarie. Non conserviamo i tuoi dati finanziari completi. I pagamenti sono elaborati in modo sicuro tramite i nostri gateway di terze parti (WooCommerce Payments, Satispay, Stripe, PayPal, Nexi, Apple Pay, Google Pay o Bonifico Bancario diretto).  <\/li>\n\n\n\n<li>Obblighi di Legge: Ai sensi della legge italiana (Art. 109 del T.U.L.P.S.), siamo legalmente tenuti a raccogliere i dati della Carta d&#8217;Identit\u00e0\/Passaporto di tutti gli ospiti al momento del check-in e a trasmetterli alla Questura competente tramite il portale &#8220;Alloggiati Web&#8221;.<\/li>\n\n\n\n<li>Utilizzo del Sito Web: Utilizziamo Google Analytics per comprendere come i visitatori interagiscono con il nostro sito web.<\/li>\n<\/ul>\n\n<h2 class=\"wp-block-heading\" id=\"video-surveillance-cctv\">Videosorveglianza (CCTV)<\/h2>\n\n<ul class=\"wp-block-list\">\n<li>Per la sicurezza dei nostri ospiti, del personale e della propriet\u00e0, CVM HoliWeb utilizza un sistema di videosorveglianza a circuito chiuso (CCTV) nelle aree esterne della struttura.<\/li>\n\n\n\n<li>Archiviazione: Le riprese sono archiviate localmente e in modo sicuro all&#8217;interno della struttura. Conservazione: Le registrazioni vengono automaticamente sovrascritte dopo 72 ore, salvo i casi in cui un incidente specifico richieda la conservazione per le forze dell&#8217;ordine.<\/li>\n<\/ul>\n\n<h2 class=\"wp-block-heading\" id=\"sharing-your-data\">Condivisione dei Dati<\/h2>\n\n<p>I tuoi dati sono condivisi esclusivamente con fornitori di servizi di terze parti essenziali (es. il nostro sistema di prenotazione, i processori di pagamento) e con le autorit\u00e0 italiane locali, come richiesto dalla legge.<br\/><\/p>\n\n<h2 class=\"wp-block-heading\" id=\"your-gdpr-rights\">Your GDPR Rights<\/h2>\n\n<p>Hai il diritto di accedere, rettificare o richiedere la cancellazione dei tuoi dati personali in qualsiasi momento. Per esercitare questi diritti, ti preghiamo di contattarci all&#8217;indirizzo cvmholiweb@gmail.com. <\/p>\n","protected":false},"excerpt":{"rendered":"<p>Titolare del Trattamento Il Titolare del Trattamento per le informazioni raccolte tramite questo sito web e durante il soggiorno \u00e8 CVM HoliWeb di Vito Cito (Contatti: cvmholiweb@gmail.com). Quali Dati Raccogliamo e Perch\u00e9 (Finalit\u00e0 del Trattamento) Videosorveglianza (CCTV) Condivisione dei Dati I tuoi dati sono condivisi esclusivamente con fornitori di servizi di terze parti essenziali (es. &hellip; <a href=\"https:\/\/trullifioriti.it\/it\/informativa-sulla-privacy\/\" class=\"more-link\">Continue reading<span class=\"screen-reader-text\"> &#8220;Informativa sulla Privacy&#8221;<\/span><\/a><\/p>\n","protected":false},"author":1,"featured_media":0,"parent":0,"menu_order":0,"comment_status":"closed","ping_status":"open","template":"","meta":{"_gspb_post_css":"","footnotes":""},"class_list":["post-3726","page","type-page","status-publish","hentry"],"_links":{"self":[{"href":"https:\/\/trullifioriti.it\/it\/wp-json\/wp\/v2\/pages\/3726","targetHints":{"allow":["GET"]}}],"collection":[{"href":"https:\/\/trullifioriti.it\/it\/wp-json\/wp\/v2\/pages"}],"about":[{"href":"https:\/\/trullifioriti.it\/it\/wp-json\/wp\/v2\/types\/page"}],"author":[{"embeddable":true,"href":"https:\/\/trullifioriti.it\/it\/wp-json\/wp\/v2\/users\/1"}],"replies":[{"embeddable":true,"href":"https:\/\/trullifioriti.it\/it\/wp-json\/wp\/v2\/comments?post=3726"}],"version-history":[{"count":1,"href":"https:\/\/trullifioriti.it\/it\/wp-json\/wp\/v2\/pages\/3726\/revisions"}],"predecessor-version":[{"id":3727,"href":"https:\/\/trullifioriti.it\/it\/wp-json\/wp\/v2\/pages\/3726\/revisions\/3727"}],"wp:attachment":[{"href":"https:\/\/trullifioriti.it\/it\/wp-json\/wp\/v2\/media?parent=3726"}],"curies":[{"name":"wp","href":"https:\/\/api.w.org\/{rel}","templated":true}]}}